{"id":705,"date":"2020-07-28T09:26:46","date_gmt":"2020-07-28T09:26:46","guid":{"rendered":"https:\/\/www.hostalalhambra.es\/?page_id=705"},"modified":"2024-03-25T16:10:29","modified_gmt":"2024-03-25T15:10:29","slug":"servicios","status":"publish","type":"page","link":"https:\/\/www.hostalalhambra.es\/es\/servicios\/","title":{"rendered":"Servicios"},"content":{"rendered":"\n<style type=\"text\/css\" data-created_by=\"avia_inline_auto\" id=\"style-css-av-6mt3k1-9282261a65fc7f8a27813e1111225937\">\n.avia-section.av-6mt3k1-9282261a65fc7f8a27813e1111225937{\nbackground-repeat:no-repeat;\nbackground-image:url(https:\/\/www.hostalalhambra.es\/wp-content\/uploads\/2020\/08\/servicios-hostal-alhambra.jpeg);\nbackground-position:50% 50%;\nbackground-attachment:scroll;\n}\n<\/style>\n<div id='av_section_1'  class='avia-section av-6mt3k1-9282261a65fc7f8a27813e1111225937 main_color avia-section-default avia-no-shadow  avia-builder-el-0  el_before_av_section  avia-builder-el-first  avia-full-stretch avia-bg-style-scroll av-minimum-height av-minimum-height-custom av-height-custom  container_wrap sidebar_right'  data-section-bg-repeat='stretch' data-av_minimum_height_px='800'><div class='container av-section-cont-open' style='height:800px'><main  role=\"main\" itemprop=\"mainContentOfPage\"  class='template-page content  av-content-small alpha units'><div class='post-entry post-entry-type-page post-entry-705'><div class='entry-content-wrapper clearfix'>\n<\/div><\/div><\/main><!-- close content main element --><\/div><\/div>\n<style type=\"text\/css\" data-created_by=\"avia_inline_auto\" id=\"style-css-av-6kmufd-8ce54ade39e3350d81dae219cc3b0976\">\n.avia-section.av-6kmufd-8ce54ade39e3350d81dae219cc3b0976{\nbackground-repeat:no-repeat;\nbackground-image:url(https:\/\/www.hostalalhambra.es\/wp-content\/uploads\/2020\/09\/ornament-bg-top-small-1.png);\nbackground-position:50% 0%;\nbackground-attachment:scroll;\n}\n<\/style>\n<div id='av_section_2'  class='avia-section av-6kmufd-8ce54ade39e3350d81dae219cc3b0976 main_color avia-section-large avia-no-border-styling  avia-builder-el-1  el_after_av_section  el_before_av_button_big  avia-full-contain avia-bg-style-scroll container_wrap sidebar_right'  data-section-bg-repeat='contain'><div class='container av-section-cont-open' ><div class='template-page content  av-content-small alpha units'><div class='post-entry post-entry-type-page post-entry-705'><div class='entry-content-wrapper clearfix'>\n\n<style type=\"text\/css\" data-created_by=\"avia_inline_auto\" id=\"style-css-av-6bxrld-3a1d06170c9b8cda9715cca1fa228a36\">\n#top .flex_column.av-6bxrld-3a1d06170c9b8cda9715cca1fa228a36{\nmargin-top:-200px;\nmargin-bottom:0px;\n}\n.flex_column.av-6bxrld-3a1d06170c9b8cda9715cca1fa228a36{\nborder-radius:0px 0px 0px 0px;\npadding:30px 30px 0px 30px;\nbackground-color:#ffffff;\n}\n.responsive #top #wrap_all .flex_column.av-6bxrld-3a1d06170c9b8cda9715cca1fa228a36{\nmargin-top:-200px;\nmargin-bottom:0px;\n}\n<\/style>\n<div  class='flex_column av-6bxrld-3a1d06170c9b8cda9715cca1fa228a36 av_one_full  avia-builder-el-2  el_before_av_hr  avia-builder-el-first  first flex_column_div av-animated-generic pop-up  '     ><style type=\"text\/css\" data-created_by=\"avia_inline_auto\" id=\"style-css-av-7uvex-54846a769dc186e0d768264ff2fa34ec\">\n#top .av-special-heading.av-7uvex-54846a769dc186e0d768264ff2fa34ec{\npadding-bottom:20px;\nfont-size:40px;\n}\nbody .av-special-heading.av-7uvex-54846a769dc186e0d768264ff2fa34ec .av-special-heading-tag .heading-char{\nfont-size:25px;\n}\n#top #wrap_all .av-special-heading.av-7uvex-54846a769dc186e0d768264ff2fa34ec .av-special-heading-tag{\nfont-size:40px;\n}\n.av-special-heading.av-7uvex-54846a769dc186e0d768264ff2fa34ec .av-subheading{\nfont-size:15px;\n}\n\n@media only screen and (min-width: 480px) and (max-width: 767px){ \n#top #wrap_all .av-special-heading.av-7uvex-54846a769dc186e0d768264ff2fa34ec .av-special-heading-tag{\nfont-size:0.8em;\n}\n}\n\n@media only screen and (max-width: 479px){ \n#top #wrap_all .av-special-heading.av-7uvex-54846a769dc186e0d768264ff2fa34ec .av-special-heading-tag{\nfont-size:0.8em;\n}\n}\n<\/style>\n<div  class='av-special-heading av-7uvex-54846a769dc186e0d768264ff2fa34ec av-special-heading-h1 blockquote modern-quote modern-centered  avia-builder-el-3  avia-builder-el-no-sibling  av-thin-font av-inherit-size'><h1 class='av-special-heading-tag '  itemprop=\"headline\"  ><strong>SERVICIOS<\/strong><br \/>\n<span style=\"color: #90bf21;\">disfruta de tu descanso en Nerja<\/span><\/h1><div class=\"special-heading-border\"><div class=\"special-heading-inner-border\"><\/div><\/div><\/div><\/div>\n<style type=\"text\/css\" data-created_by=\"avia_inline_auto\" id=\"style-css-av-5zuos9-def49929ea2e1a9d962d87912ac7cd12\">\n#top .hr.av-5zuos9-def49929ea2e1a9d962d87912ac7cd12{\nmargin-top:-60px;\nmargin-bottom:70px;\n}\n.hr.av-5zuos9-def49929ea2e1a9d962d87912ac7cd12 .hr-inner{\nwidth:50px;\nborder-color:#f8f8f8;\nmax-width:45%;\n}\n.hr.av-5zuos9-def49929ea2e1a9d962d87912ac7cd12 .av-seperator-icon{\ncolor:#90bf21;\n}\n.hr.av-5zuos9-def49929ea2e1a9d962d87912ac7cd12 .av-seperator-icon.avia-svg-icon svg:first-child{\nfill:#90bf21;\nstroke:#90bf21;\n}\n<\/style>\n<div  class='hr av-5zuos9-def49929ea2e1a9d962d87912ac7cd12 hr-custom  avia-builder-el-4  el_after_av_one_full  el_before_av_one_full  hr-center hr-icon-yes'><span class='hr-inner inner-border-av-border-fat'><span class=\"hr-inner-style\"><\/span><\/span><span class='av-seperator-icon avia-iconfont avia-font-entypo-fontello' data-av_icon='\ue8ce' data-av_iconfont='entypo-fontello' ><\/span><span class='hr-inner inner-border-av-border-fat'><span class=\"hr-inner-style\"><\/span><\/span><\/div>\n\n<style type=\"text\/css\" data-created_by=\"avia_inline_auto\" id=\"style-css-av-kd5r4xzb-d4d12e12b68b2a35e882eabc5bf76f81\">\n.flex_column.av-kd5r4xzb-d4d12e12b68b2a35e882eabc5bf76f81{\nborder-radius:0px 0px 0px 0px;\npadding:0px 0px 0px 0px;\n}\n<\/style>\n<div  class='flex_column av-kd5r4xzb-d4d12e12b68b2a35e882eabc5bf76f81 av_one_full  avia-builder-el-5  el_after_av_hr  el_before_av_one_third  first flex_column_div av-animated-generic pop-up av-zero-column-padding  '     ><section  class='av_textblock_section av-kd5qvzqh-8c012b67a53ee63b88acc92cd5449f17 '   itemscope=\"itemscope\" itemtype=\"https:\/\/schema.org\/CreativeWork\" ><div class='avia_textblock'  itemprop=\"text\" ><p>En\u00a0<strong>Hostal Alhambra<\/strong> ofrecemos todos los servicios para disfrutar de un descanso tranquilo y una estancia agradable. Nuestro personal le ofrecer\u00e1 un trato amable y le aconsejar\u00e1 a la hora de visitar la ciudad.<\/p>\n<p>En nuestras instalaciones disponemos de zona de lectura, un sal\u00f3n compartido con TV, \u00e1rea para caf\u00e9 e infusiones variadas. Wi-Fi gratuito en la zona com\u00fan. Las llegadas despu\u00e9s de las 22:00h bajo petici\u00f3n, es un servicio complementario de conserjer\u00eda. Podr\u00edan comportan un suplemento de 30\u20ac.<\/p>\n<\/div><\/section><\/div>\n<style type=\"text\/css\" data-created_by=\"avia_inline_auto\" id=\"style-css-av-51u681-655c429060565c79eecec36e0912ad5a\">\n#top .flex_column.av-51u681-655c429060565c79eecec36e0912ad5a{\nmargin-top:50px;\nmargin-bottom:0px;\n}\n.flex_column.av-51u681-655c429060565c79eecec36e0912ad5a{\nborder-radius:0px 0px 0px 0px;\npadding:0px 0px 0px 0px;\n}\n.responsive #top #wrap_all .flex_column.av-51u681-655c429060565c79eecec36e0912ad5a{\nmargin-top:50px;\nmargin-bottom:0px;\n}\n<\/style>\n<div  class='flex_column av-51u681-655c429060565c79eecec36e0912ad5a av_one_third  avia-builder-el-7  el_after_av_one_full  el_before_av_one_third  first flex_column_div av-animated-generic fade-in av-zero-column-padding  column-top-margin'     ><section  class='av_textblock_section av-kd5qpbjn-5c2751ed915f42b6921b6d4c41917265 '   itemscope=\"itemscope\" itemtype=\"https:\/\/schema.org\/CreativeWork\" ><div class='avia_textblock'  itemprop=\"text\" ><p><strong>Exteriores<\/strong><\/p>\n<ul>\n<li>Terraza<\/li>\n<\/ul>\n<p><strong>Mascotas<\/strong><\/p>\n<ul>\n<li>No se admiten.<\/li>\n<\/ul>\n<p><strong>Actividades<\/strong><\/p>\n<ul>\n<li>Tour o clase sobre cultura local<\/li>\n<li>Tours a pie<\/li>\n<li>Ruta de bares<\/li>\n<li>Masajes<\/li>\n<\/ul>\n<p><strong>Internet<\/strong><\/p>\n<ul>\n<li>Hay conexi\u00f3n a internet Wi-Fi disponible en todo el establecimiento. Gratis.<\/li>\n<\/ul>\n<p><strong>Aparcamiento<\/strong><\/p>\n<ul>\n<li>Hay parking gratis p\u00fablico en las inmediaciones, el Parque de Verano azul. No es necesario reserva.<\/li>\n<li>Aparcamiento privado de pago, 17 euros por noche. S\u00ed es necesario reservar. \u00a1Sujeto a disponibilidad!<\/li>\n<\/ul>\n<p><strong>Servicios<\/strong><\/p>\n<ul>\n<li>Servicio de limpieza diario<\/li>\n<li>Zona TV \/ sal\u00f3n de uso compartido<\/li>\n<li>Traslado aeropuerto (de pago)<\/li>\n<li>Servicio de traslado (de pago)<\/li>\n<li>Guardaequipaje<\/li>\n<li>Venta de entradas<\/li>\n<li>Fax \/ fotocopiadora<\/li>\n<li>Informaci\u00f3n tur\u00edstica<\/li>\n<li>Alquiler de coches<\/li>\n<li>Suite nupcial<\/li>\n<li>Servicio de lavander\u00eda externo<\/li>\n<li>Recepci\u00f3n despu\u00e9s de las 22:00h previa solicitud<\/li>\n<li class=\"\">Carta de almohadas<\/li>\n<\/ul>\n<\/div><\/section><\/div>\n<style type=\"text\/css\" data-created_by=\"avia_inline_auto\" id=\"style-css-av-4s9lwh-e11000758c4942a06aea9673eaf38de2\">\n#top .flex_column.av-4s9lwh-e11000758c4942a06aea9673eaf38de2{\nmargin-top:50px;\nmargin-bottom:0px;\n}\n.flex_column.av-4s9lwh-e11000758c4942a06aea9673eaf38de2{\nborder-radius:0px 0px 0px 0px;\npadding:0px 0px 0px 0px;\n}\n.responsive #top #wrap_all .flex_column.av-4s9lwh-e11000758c4942a06aea9673eaf38de2{\nmargin-top:50px;\nmargin-bottom:0px;\n}\n<\/style>\n<div  class='flex_column av-4s9lwh-e11000758c4942a06aea9673eaf38de2 av_one_third  avia-builder-el-9  el_after_av_one_third  el_before_av_one_third  flex_column_div av-animated-generic fade-in av-zero-column-padding  column-top-margin'     ><section  class='av_textblock_section av-kd5qpbjn-2-e0dff1b76f7bec85b5dd4512d3e037a8 '   itemscope=\"itemscope\" itemtype=\"https:\/\/schema.org\/CreativeWork\" ><div class='avia_textblock'  itemprop=\"text\" ><p><strong><span class=\"facility-group__title\">Servicios de recepci\u00f3n<\/span><\/strong><\/p>\n<ul>\n<li>Facturas<\/li>\n<li>Check-in Online<\/li>\n<\/ul>\n<p><strong><span class=\"facility-group__title\">Seguridad<\/span><\/strong><\/p>\n<ul>\n<li>Extintores<\/li>\n<li>C\u00e1maras de seguridad fuera del alojamiento<\/li>\n<li>C\u00e1maras de seguridad en las zonas comunitarias<\/li>\n<\/ul>\n<p><strong><span class=\"facility-group__title\">General<\/span><\/strong><\/p>\n<ul>\n<li>Aire acondicionado<\/li>\n<li>Prohibido fumar en todo el alojamiento<\/li>\n<li>Habitaciones hipoalerg\u00e9nicas<\/li>\n<li>Calefacci\u00f3n<\/li>\n<li>Habitaciones insonorizadas<\/li>\n<li>Ascensor<\/li>\n<li>Habitaciones familiares<\/li>\n<li>Habitaciones para no fumadores<\/li>\n<li>Posibilidad de cama supletoria en habitaciones con terraza, deluxe o con balc\u00f3n.<\/li>\n<\/ul>\n<p><strong><span class=\"facility-group__title\">Medidas de seguridad<\/span><\/strong><\/p>\n<ul>\n<li>Mascarillas a disposici\u00f3n de los clientes<\/li>\n<li>El alojamiento proporciona term\u00f3metros a los clientes<\/li>\n<li>Acceso a profesionales sanitarios<\/li>\n<li>Hay kit de primeros auxilios<\/li>\n<li>Hay procedimientos para comprobar la salud de los clientes<\/li>\n<li>Desinfectante de manos en el alojamiento y zonas importantes<\/li>\n<li>Se han eliminado objetos compartidos como cartas, revistas, bol\u00edgrafos y papeles<\/li>\n<li>El personal sigue todos los protocolos de seguridad indicados por las autoridades locales<\/li>\n<\/ul>\n<\/div><\/section><\/div>\n<style type=\"text\/css\" data-created_by=\"avia_inline_auto\" id=\"style-css-av-4g8p0x-c9d4130d4f49452b819bba18e07b6db0\">\n#top .flex_column.av-4g8p0x-c9d4130d4f49452b819bba18e07b6db0{\nmargin-top:50px;\nmargin-bottom:0px;\n}\n.flex_column.av-4g8p0x-c9d4130d4f49452b819bba18e07b6db0{\nborder-radius:0px 0px 0px 0px;\npadding:0px 0px 0px 0px;\n}\n.responsive #top #wrap_all .flex_column.av-4g8p0x-c9d4130d4f49452b819bba18e07b6db0{\nmargin-top:50px;\nmargin-bottom:0px;\n}\n<\/style>\n<div  class='flex_column av-4g8p0x-c9d4130d4f49452b819bba18e07b6db0 av_one_third  avia-builder-el-11  el_after_av_one_third  avia-builder-el-last  flex_column_div av-animated-generic fade-in av-zero-column-padding  column-top-margin'     ><section  class='av_textblock_section av-kd5qpbjn-1-b6b1a753da6484b6213cf9bf6b64b57d '   itemscope=\"itemscope\" itemtype=\"https:\/\/schema.org\/CreativeWork\" ><div class='avia_textblock'  itemprop=\"text\" ><p><strong><span class=\"facility-group__title\">Distanciamiento f\u00edsico<\/span><\/strong><\/p>\n<ul>\n<li>Pantallas o barreras f\u00edsicas entre el personal y los clientes en zonas determinadas<\/li>\n<li>Se siguen las normas de distanciamiento f\u00edsico<\/li>\n<li>Se puede pagar sin efectivo<\/li>\n<li>Registro de entrada y salida sin contacto<\/li>\n<\/ul>\n<p><strong><span class=\"facility-group__title\">Limpieza y desinfecci\u00f3n<\/span><\/strong><\/p>\n<ul>\n<li>Los clientes pueden anular el servicio de limpieza de su alojamiento durante la estancia<\/li>\n<li>Desinfecci\u00f3n del alojamiento realizada por empresas profesionales<\/li>\n<li>Alojamiento sellado tras su limpieza<\/li>\n<li>Alojamiento desinfectado despu\u00e9s de cada estancia<\/li>\n<li>Ropa de cama, toallas, utensilios de servicio lavados seg\u00fan indicaci\u00f3n oficial +60\u00ba<\/li>\n<li>Uso de productos de limpieza efectivos contra el coronavirus<\/li>\n<li>Desinfecci\u00f3n por ozono &#8211; O<sub>3<\/sub><\/li>\n<\/ul>\n<p><strong>Seguridad de bebidas y alimentos<\/strong><\/p>\n<ul>\n<li>Desayuno en el restaurante de la planta baja est\u00e1 dirigido por otra empresa. No hace falta reservar<\/li>\n<li>La comida que se entrega se envasa adecuadamente<\/li>\n<li>Todos los platos, vasos, cubiertos y otros utensilios de mesa se han desinfectado<\/li>\n<li>Distanciamiento f\u00edsico en zonas de comedor<\/li>\n<\/ul>\n<\/div><\/section><\/div><div  class='avia-button-wrap avia-button-center  avia-builder-el-13  el_after_av_section  avia-builder-el-last '>\n<style type=\"text\/css\" data-created_by=\"avia_inline_auto\" id=\"style-css-av-8xdka-76cee6f1864021c527399f8f6a240dd1\">\n#top #wrap_all .avia-button.av-8xdka-76cee6f1864021c527399f8f6a240dd1{\nbackground-color:#191e24;\nborder-color:#191e24;\ntransition:all 0.4s ease-in-out;\n}\n#top #wrap_all .avia-button.av-8xdka-76cee6f1864021c527399f8f6a240dd1:hover{\ncolor:#ffffff;\ntransition:all 0.4s ease-in-out;\n}\n#top #wrap_all .avia-button.av-8xdka-76cee6f1864021c527399f8f6a240dd1:hover .avia-svg-icon svg:first-child{\nfill:#ffffff;\nstroke:#ffffff;\n}\n<\/style>\n<a href='https:\/\/www.hostalalhambra.es\/es\/habitaciones\/' class='avia-font-color-theme-color avia-button avia-button-fullwidth av-8xdka-76cee6f1864021c527399f8f6a240dd1 avia-icon_select-yes-right-icon avia-color-custom'   aria-label=\"Conoce nuestras habitaciones\"><span class='avia_iconbox_title' >Conoce nuestras habitaciones<\/span><span class='avia_button_icon avia_button_icon_right avia-iconfont avia-font-entypo-fontello' data-av_icon='\ue85c' data-av_iconfont='entypo-fontello' ><\/span><span class='avia_button_background avia-button avia-button-fullwidth avia-color-theme-color'><\/span><\/a><\/div><\/p>\n","protected":false},"excerpt":{"rendered":"","protected":false},"author":1,"featured_media":1378,"parent":0,"menu_order":0,"comment_status":"closed","ping_status":"closed","template":"","meta":{"_joinchat":[],"footnotes":""},"class_list":["post-705","page","type-page","status-publish","has-post-thumbnail","hentry"],"aioseo_notices":[],"_links":{"self":[{"href":"https:\/\/www.hostalalhambra.es\/es\/wp-json\/wp\/v2\/pages\/705","targetHints":{"allow":["GET"]}}],"collection":[{"href":"https:\/\/www.hostalalhambra.es\/es\/wp-json\/wp\/v2\/pages"}],"about":[{"href":"https:\/\/www.hostalalhambra.es\/es\/wp-json\/wp\/v2\/types\/page"}],"author":[{"embeddable":true,"href":"https:\/\/www.hostalalhambra.es\/es\/wp-json\/wp\/v2\/users\/1"}],"replies":[{"embeddable":true,"href":"https:\/\/www.hostalalhambra.es\/es\/wp-json\/wp\/v2\/comments?post=705"}],"version-history":[{"count":0,"href":"https:\/\/www.hostalalhambra.es\/es\/wp-json\/wp\/v2\/pages\/705\/revisions"}],"wp:featuredmedia":[{"embeddable":true,"href":"https:\/\/www.hostalalhambra.es\/es\/wp-json\/wp\/v2\/media\/1378"}],"wp:attachment":[{"href":"https:\/\/www.hostalalhambra.es\/es\/wp-json\/wp\/v2\/media?parent=705"}],"curies":[{"name":"wp","href":"https:\/\/api.w.org\/{rel}","templated":true}]}}