{"id":730,"date":"2020-07-28T10:00:19","date_gmt":"2020-07-28T10:00:19","guid":{"rendered":"https:\/\/www.hostalalhambra.es\/?page_id=730"},"modified":"2024-04-25T09:12:32","modified_gmt":"2024-04-25T07:12:32","slug":"alojamiento","status":"publish","type":"page","link":"https:\/\/www.hostalalhambra.es\/es\/alojamiento\/","title":{"rendered":"Alojamiento"},"content":{"rendered":"\n<style type=\"text\/css\" data-created_by=\"avia_inline_auto\" id=\"style-css-av-5wauv6-b4cb4288e00a4271d0dd115487a76b03\">\n.avia-section.av-5wauv6-b4cb4288e00a4271d0dd115487a76b03{\nbackground-repeat:no-repeat;\nbackground-image:url(https:\/\/www.hostalalhambra.es\/wp-content\/uploads\/2020\/09\/alojamiento-hostal-alhambra-1.jpg);\nbackground-position:50% 100%;\nbackground-attachment:scroll;\n}\n<\/style>\n<div id='av_section_1'  class='avia-section av-5wauv6-b4cb4288e00a4271d0dd115487a76b03 main_color avia-section-default avia-no-shadow  avia-builder-el-0  el_before_av_section  avia-builder-el-first  avia-full-stretch avia-bg-style-scroll av-minimum-height av-minimum-height-custom av-height-custom  container_wrap sidebar_right'  data-section-bg-repeat='stretch' data-av_minimum_height_px='800'><div class='container av-section-cont-open' style='height:800px'><main  role=\"main\" itemprop=\"mainContentOfPage\"  class='template-page content  av-content-small alpha units'><div class='post-entry post-entry-type-page post-entry-730'><div class='entry-content-wrapper clearfix'>\n<\/div><\/div><\/main><!-- close content main element --><\/div><\/div>\n<style type=\"text\/css\" data-created_by=\"avia_inline_auto\" id=\"style-css-av-5occ1u-51bcf1b77d1540cc9b0febdc84dc0e26\">\n.avia-section.av-5occ1u-51bcf1b77d1540cc9b0febdc84dc0e26{\nbackground-repeat:no-repeat;\nbackground-image:url(https:\/\/www.hostalalhambra.es\/wp-content\/uploads\/2020\/09\/ornament-bg-top-small-1.png);\nbackground-position:50% 0%;\nbackground-attachment:scroll;\n}\n<\/style>\n<div id='av_section_2'  class='avia-section av-5occ1u-51bcf1b77d1540cc9b0febdc84dc0e26 main_color avia-section-huge avia-no-border-styling  avia-builder-el-1  el_after_av_section  el_before_av_layout_row  avia-full-contain avia-bg-style-scroll container_wrap sidebar_right'  data-section-bg-repeat='contain'><div class='container av-section-cont-open' ><div class='template-page content  av-content-small alpha units'><div class='post-entry post-entry-type-page post-entry-730'><div class='entry-content-wrapper clearfix'>\n\n<style type=\"text\/css\" data-created_by=\"avia_inline_auto\" id=\"style-css-av-5h404y-c8fac6d5bafb739930d471edbe68a5de\">\n#top .flex_column.av-5h404y-c8fac6d5bafb739930d471edbe68a5de{\nmargin-top:-200px;\nmargin-bottom:0px;\n}\n.flex_column.av-5h404y-c8fac6d5bafb739930d471edbe68a5de{\nborder-radius:0px 0px 0px 0px;\npadding:30px 30px 0px 30px;\nbackground-color:#ffffff;\n}\n.responsive #top #wrap_all .flex_column.av-5h404y-c8fac6d5bafb739930d471edbe68a5de{\nmargin-top:-200px;\nmargin-bottom:0px;\n}\n<\/style>\n<div  class='flex_column av-5h404y-c8fac6d5bafb739930d471edbe68a5de av_one_full  avia-builder-el-2  el_before_av_hr  avia-builder-el-first  first flex_column_div av-animated-generic pop-up  '     ><style type=\"text\/css\" data-created_by=\"avia_inline_auto\" id=\"style-css-av-hhr36-ed04af531e7cbdbb53dfbf18af1f77fc\">\n#top .av-special-heading.av-hhr36-ed04af531e7cbdbb53dfbf18af1f77fc{\npadding-bottom:20px;\nfont-size:40px;\n}\nbody .av-special-heading.av-hhr36-ed04af531e7cbdbb53dfbf18af1f77fc .av-special-heading-tag .heading-char{\nfont-size:25px;\n}\n#top #wrap_all .av-special-heading.av-hhr36-ed04af531e7cbdbb53dfbf18af1f77fc .av-special-heading-tag{\nfont-size:40px;\n}\n.av-special-heading.av-hhr36-ed04af531e7cbdbb53dfbf18af1f77fc .av-subheading{\nfont-size:15px;\n}\n\n@media only screen and (min-width: 480px) and (max-width: 767px){ \n#top #wrap_all .av-special-heading.av-hhr36-ed04af531e7cbdbb53dfbf18af1f77fc .av-special-heading-tag{\nfont-size:0.8em;\n}\n}\n\n@media only screen and (max-width: 479px){ \n#top #wrap_all .av-special-heading.av-hhr36-ed04af531e7cbdbb53dfbf18af1f77fc .av-special-heading-tag{\nfont-size:0.8em;\n}\n}\n<\/style>\n<div  class='av-special-heading av-hhr36-ed04af531e7cbdbb53dfbf18af1f77fc av-special-heading-h1 blockquote modern-quote modern-centered  avia-builder-el-3  avia-builder-el-no-sibling  av-thin-font av-inherit-size'><h1 class='av-special-heading-tag '  itemprop=\"headline\"  ><strong>ALHAMBRA<\/strong><br \/>\n<span style=\"color: #90bf21;\">conoce este encantador hostal en Nerja<\/span><\/h1><div class=\"special-heading-border\"><div class=\"special-heading-inner-border\"><\/div><\/div><\/div><\/div>\n<style type=\"text\/css\" data-created_by=\"avia_inline_auto\" id=\"style-css-av-5746fm-61dd3b6763cebafd21bc3021a62c3357\">\n#top .hr.av-5746fm-61dd3b6763cebafd21bc3021a62c3357{\nmargin-top:-60px;\nmargin-bottom:70px;\n}\n.hr.av-5746fm-61dd3b6763cebafd21bc3021a62c3357 .hr-inner{\nwidth:50px;\nborder-color:#f8f8f8;\nmax-width:45%;\n}\n.hr.av-5746fm-61dd3b6763cebafd21bc3021a62c3357 .av-seperator-icon{\ncolor:#90bf21;\n}\n.hr.av-5746fm-61dd3b6763cebafd21bc3021a62c3357 .av-seperator-icon.avia-svg-icon svg:first-child{\nfill:#90bf21;\nstroke:#90bf21;\n}\n<\/style>\n<div  class='hr av-5746fm-61dd3b6763cebafd21bc3021a62c3357 hr-custom  avia-builder-el-4  el_after_av_one_full  el_before_av_one_half  hr-center hr-icon-yes'><span class='hr-inner inner-border-av-border-fat'><span class=\"hr-inner-style\"><\/span><\/span><span class='av-seperator-icon avia-iconfont avia-font-entypo-fontello' data-av_icon='\ue8ce' data-av_iconfont='entypo-fontello' ><\/span><span class='hr-inner inner-border-av-border-fat'><span class=\"hr-inner-style\"><\/span><\/span><\/div>\n\n<style type=\"text\/css\" data-created_by=\"avia_inline_auto\" id=\"style-css-av-53yer6-89a6bb47783aa578396232479e434a6e\">\n.flex_column.av-53yer6-89a6bb47783aa578396232479e434a6e{\nborder-radius:0px 0px 0px 0px;\npadding:0px 0px 0px 0px;\n}\n<\/style>\n<div  class='flex_column av-53yer6-89a6bb47783aa578396232479e434a6e av_one_half  avia-builder-el-5  el_after_av_hr  el_before_av_one_half  first flex_column_div av-animated-generic bottom-to-top av-zero-column-padding  '     ><p>\n<style type=\"text\/css\" data-created_by=\"avia_inline_auto\" id=\"style-css-av-kfiimwzm-3813f3b592a1a2f2c5b425e26b4fc04c\">\n#top .av-special-heading.av-kfiimwzm-3813f3b592a1a2f2c5b425e26b4fc04c{\npadding-bottom:0;\n}\nbody .av-special-heading.av-kfiimwzm-3813f3b592a1a2f2c5b425e26b4fc04c .av-special-heading-tag .heading-char{\nfont-size:25px;\n}\n.av-special-heading.av-kfiimwzm-3813f3b592a1a2f2c5b425e26b4fc04c .av-subheading{\nfont-size:15px;\n}\n<\/style>\n<div  class='av-special-heading av-kfiimwzm-3813f3b592a1a2f2c5b425e26b4fc04c av-special-heading-h3 blockquote modern-quote  avia-builder-el-6  el_before_av_textblock  avia-builder-el-first '><h3 class='av-special-heading-tag '  itemprop=\"headline\"  >Cuatro d\u00e9cadas de trayectoria y liderazgo Hotelero, con criterio de servicio propio<\/h3><div class=\"special-heading-border\"><div class=\"special-heading-inner-border\"><\/div><\/div><\/div><br \/>\n<section  class='av_textblock_section av-4po7ya-b3d0bfda99f5e9633ccba268fae7fd03 '   itemscope=\"itemscope\" itemtype=\"https:\/\/schema.org\/CreativeWork\" ><div class='avia_textblock'  itemprop=\"text\" ><p>Con una inmejorable ubicaci\u00f3n en el centro de Nerja, el\u00a0<strong>Hostal Alhambra<\/strong>\u00a0se presenta como una opci\u00f3n ideal para visitar la ciudad.<\/p>\n<p>El hostal ofrece<strong>\u00a0habitaciones funcionales y confortables<\/strong>, con una excelente relaci\u00f3n calidad precio. Todas disponen de aire acondicionado, ba\u00f1o, caja fuerte, mini bar y TV sat\u00e9lite. Algunas tambi\u00e9n disponen de balc\u00f3n o terraza. \u00a0Hay un sal\u00f3n compartido con conexi\u00f3n Wi-Fi gratuita en la que uno se puede relajar, conversar o tomar caf\u00e9 con los otros hu\u00e9spedes.<\/p>\n<\/div><\/section><\/p><\/div>\n<style type=\"text\/css\" data-created_by=\"avia_inline_auto\" id=\"style-css-av-4k0kxm-365c96bf91d8e0c4522112106d7d60f9\">\n.flex_column.av-4k0kxm-365c96bf91d8e0c4522112106d7d60f9{\nborder-radius:0px 0px 0px 0px;\npadding:0px 0px 0px 0px;\n}\n<\/style>\n<div  class='flex_column av-4k0kxm-365c96bf91d8e0c4522112106d7d60f9 av_one_half  avia-builder-el-8  el_after_av_one_half  avia-builder-el-last  flex_column_div av-animated-generic bottom-to-top av-zero-column-padding  '     ><p>\n<style type=\"text\/css\" data-created_by=\"avia_inline_auto\" id=\"style-css-av-b6hre-0c289fa117931e01576b89bf11b49a5e\">\n#top .av-special-heading.av-b6hre-0c289fa117931e01576b89bf11b49a5e{\npadding-bottom:0;\n}\nbody .av-special-heading.av-b6hre-0c289fa117931e01576b89bf11b49a5e .av-special-heading-tag .heading-char{\nfont-size:25px;\n}\n.av-special-heading.av-b6hre-0c289fa117931e01576b89bf11b49a5e .av-subheading{\nfont-size:15px;\n}\n<\/style>\n<div  class='av-special-heading av-b6hre-0c289fa117931e01576b89bf11b49a5e av-special-heading-h3 blockquote modern-quote  avia-builder-el-9  el_before_av_textblock  avia-builder-el-first '><h3 class='av-special-heading-tag '  itemprop=\"headline\"  >Excelente localizaci\u00f3n<\/h3><div class=\"special-heading-border\"><div class=\"special-heading-inner-border\"><\/div><\/div><\/div><br \/>\n<section  class='av_textblock_section av-49lk5u-d2041000209c585e03b05f3f586cbaa8 '   itemscope=\"itemscope\" itemtype=\"https:\/\/schema.org\/CreativeWork\" ><div class='avia_textblock'  itemprop=\"text\" ><p>Estamos rodeados de los principales restaurantes, lugares de entretenimiento y zona comercial de la ciudad de Nerja. Nuestra ubicaci\u00f3n le da acceso a las playas, al centro hist\u00f3rico y al Balc\u00f3n de Europa en pocos minutos sin tener que coger el autom\u00f3vil.<\/p>\n<p>Nerja est\u00e1 situada entre las \u00e1reas naturales de las sierras Almijara y Tejeda, donde adem\u00e1s de las playas, calas y acantilados, quedar\u00e1 fascinado al descubrir paisajes espectaculares de las monta\u00f1as y sitios naturales como la garganta del r\u00edo Chillar.<\/p>\n<\/div><\/section><\/p><\/div><\/div><\/div><\/div><!-- close content main div --><\/div><\/div><div id='av-layout-grid-1'  class='av-layout-grid-container av-40fw3u-a8046b84b020a8f18f43d213ce3d1d81 entry-content-wrapper main_color av-flex-cells  avia-builder-el-11  el_after_av_section  el_before_av_button_big  grid-row-not-first  container_wrap sidebar_right'  >\n\n<style type=\"text\/css\" data-created_by=\"avia_inline_auto\" id=\"style-css-av-3twnqq-b5594613bea60300a04f8d840235954c\">\n.flex_cell.av-3twnqq-b5594613bea60300a04f8d840235954c{\nvertical-align:top;\nheight:400px;\nmin-height:400px;\nbackground:url(https:\/\/www.hostalalhambra.es\/wp-content\/uploads\/2020\/08\/alojamiento-hostal-alhambra-2.jpeg) 50% 50% no-repeat scroll ;\n}\n.responsive #top #wrap_all .flex_cell.av-3twnqq-b5594613bea60300a04f8d840235954c{\npadding:30px 30px 30px 30px !important;\n}\n<\/style>\n<div class='flex_cell av-3twnqq-b5594613bea60300a04f8d840235954c av-gridrow-cell av_one_half no_margin  avia-builder-el-12  el_before_av_cell_one_half  avia-builder-el-first  content-align-top avia-full-stretch'  ><div class='flex_cell_inner'><\/div><\/div>\n<style type=\"text\/css\" data-created_by=\"avia_inline_auto\" id=\"style-css-av-3q5442-cc8f2f83cbed6344256c75abaa819565\">\n.flex_cell.av-3q5442-cc8f2f83cbed6344256c75abaa819565{\nvertical-align:top;\nheight:400px;\nmin-height:400px;\nbackground:url(https:\/\/www.hostalalhambra.es\/wp-content\/uploads\/2020\/09\/balcon-europa-mar.jpg) 50% 50% no-repeat scroll ;\n}\n.responsive #top #wrap_all .flex_cell.av-3q5442-cc8f2f83cbed6344256c75abaa819565{\npadding:30px 30px 30px 30px !important;\n}\n<\/style>\n<div class='flex_cell av-3q5442-cc8f2f83cbed6344256c75abaa819565 av-gridrow-cell av_one_half no_margin  avia-builder-el-13  el_after_av_cell_one_half  avia-builder-el-last  content-align-top avia-full-stretch'  ><div class='flex_cell_inner'><\/div><\/div>\n<\/div><\/p>\n<div  class='avia-button-wrap avia-button-center  avia-builder-el-14  el_after_av_layout_row  avia-builder-el-last '>\n<style type=\"text\/css\" data-created_by=\"avia_inline_auto\" id=\"style-css-av-8xdka-76cee6f1864021c527399f8f6a240dd1\">\n#top #wrap_all .avia-button.av-8xdka-76cee6f1864021c527399f8f6a240dd1{\nbackground-color:#191e24;\nborder-color:#191e24;\ntransition:all 0.4s ease-in-out;\n}\n#top #wrap_all .avia-button.av-8xdka-76cee6f1864021c527399f8f6a240dd1:hover{\ncolor:#ffffff;\ntransition:all 0.4s ease-in-out;\n}\n#top #wrap_all .avia-button.av-8xdka-76cee6f1864021c527399f8f6a240dd1:hover .avia-svg-icon svg:first-child{\nfill:#ffffff;\nstroke:#ffffff;\n}\n<\/style>\n<a href='https:\/\/www.hostalalhambra.es\/es\/habitaciones\/' class='avia-font-color-theme-color avia-button avia-button-fullwidth av-8xdka-76cee6f1864021c527399f8f6a240dd1 avia-icon_select-yes-right-icon avia-color-custom'   aria-label=\"Conoce nuestras habitaciones\"><span class='avia_iconbox_title' >Conoce nuestras habitaciones<\/span><span class='avia_button_icon avia_button_icon_right avia-iconfont avia-font-entypo-fontello' data-av_icon='\ue85c' data-av_iconfont='entypo-fontello' ><\/span><span class='avia_button_background avia-button avia-button-fullwidth avia-color-theme-color'><\/span><\/a><\/div>\n","protected":false},"excerpt":{"rendered":"","protected":false},"author":1,"featured_media":2174,"parent":0,"menu_order":0,"comment_status":"open","ping_status":"closed","template":"","meta":{"_joinchat":[],"footnotes":""},"class_list":["post-730","page","type-page","status-publish","has-post-thumbnail","hentry"],"aioseo_notices":[],"_links":{"self":[{"href":"https:\/\/www.hostalalhambra.es\/es\/wp-json\/wp\/v2\/pages\/730","targetHints":{"allow":["GET"]}}],"collection":[{"href":"https:\/\/www.hostalalhambra.es\/es\/wp-json\/wp\/v2\/pages"}],"about":[{"href":"https:\/\/www.hostalalhambra.es\/es\/wp-json\/wp\/v2\/types\/page"}],"author":[{"embeddable":true,"href":"https:\/\/www.hostalalhambra.es\/es\/wp-json\/wp\/v2\/users\/1"}],"replies":[{"embeddable":true,"href":"https:\/\/www.hostalalhambra.es\/es\/wp-json\/wp\/v2\/comments?post=730"}],"version-history":[{"count":2,"href":"https:\/\/www.hostalalhambra.es\/es\/wp-json\/wp\/v2\/pages\/730\/revisions"}],"predecessor-version":[{"id":2857,"href":"https:\/\/www.hostalalhambra.es\/es\/wp-json\/wp\/v2\/pages\/730\/revisions\/2857"}],"wp:featuredmedia":[{"embeddable":true,"href":"https:\/\/www.hostalalhambra.es\/es\/wp-json\/wp\/v2\/media\/2174"}],"wp:attachment":[{"href":"https:\/\/www.hostalalhambra.es\/es\/wp-json\/wp\/v2\/media?parent=730"}],"curies":[{"name":"wp","href":"https:\/\/api.w.org\/{rel}","templated":true}]}}