{"id":763,"date":"2020-07-28T10:27:35","date_gmt":"2020-07-28T10:27:35","guid":{"rendered":"https:\/\/www.hostalalhambra.es\/?page_id=763"},"modified":"2024-03-25T16:03:07","modified_gmt":"2024-03-25T15:03:07","slug":"contacto","status":"publish","type":"page","link":"https:\/\/www.hostalalhambra.es\/es\/contacto\/","title":{"rendered":"Contacto"},"content":{"rendered":"\n<style type=\"text\/css\" data-created_by=\"avia_inline_auto\" id=\"style-css-av-4ty3b0-631f20b3bbc4e46cef48da174f856da1\">\n.avia-section.av-4ty3b0-631f20b3bbc4e46cef48da174f856da1{\nbackground-repeat:no-repeat;\nbackground-image:url(https:\/\/www.hostalalhambra.es\/wp-content\/uploads\/2020\/08\/contacto-hostal-alhambra.jpeg);\nbackground-position:50% 50%;\nbackground-attachment:scroll;\n}\n.avia-section.av-4ty3b0-631f20b3bbc4e46cef48da174f856da1 .av-section-color-overlay{\nopacity:0.8;\nbackground-color:#ffffff;\n}\n<\/style>\n<div id='av_section_1'  class='avia-section av-4ty3b0-631f20b3bbc4e46cef48da174f856da1 main_color avia-section-no-padding avia-no-border-styling  avia-builder-el-0  el_before_av_section  avia-builder-el-first  avia-full-stretch avia-bg-style-scroll av-section-color-overlay-active container_wrap sidebar_right'  data-section-bg-repeat='stretch'><div class=\"av-section-color-overlay-wrap\"><div class=\"av-section-color-overlay\"><\/div><div class='container av-section-cont-open' ><main  role=\"main\" itemprop=\"mainContentOfPage\"  class='template-page content  av-content-small alpha units'><div class='post-entry post-entry-type-page post-entry-763'><div class='entry-content-wrapper clearfix'>\n\n<style type=\"text\/css\" data-created_by=\"avia_inline_auto\" id=\"style-css-av-gw4v8-57f472d34304083418a1728afd8d9679\">\n#top .hr.hr-invisible.av-gw4v8-57f472d34304083418a1728afd8d9679{\nheight:20px;\n}\n<\/style>\n<div  class='hr av-gw4v8-57f472d34304083418a1728afd8d9679 hr-invisible  avia-builder-el-1  el_before_av_one_full  avia-builder-el-first '><span class='hr-inner '><span class=\"hr-inner-style\"><\/span><\/span><\/div>\n\n<style type=\"text\/css\" data-created_by=\"avia_inline_auto\" id=\"style-css-av-4kqfho-c8b51e717df7a9e079242d9e7e10c11b\">\n.flex_column.av-4kqfho-c8b51e717df7a9e079242d9e7e10c11b{\nborder-radius:0px 0px 0px 0px;\npadding:50px 50px 50px 50px;\nbackground-color:rgba(255,255,255,0.6);\n}\n<\/style>\n<div  class='flex_column av-4kqfho-c8b51e717df7a9e079242d9e7e10c11b av_one_full  avia-builder-el-2  el_after_av_hr  avia-builder-el-last  first flex_column_div av-animated-generic bottom-to-top avia-full-stretch  '     ><p><form action=\"https:\/\/www.hostalalhambra.es\/es\/contacto\/\" method=\"post\" data-fields-with-error=\"Found errors in the following field(s):\" class=\"avia_ajax_form av-form-labels-visible   avia-builder-el-3  el_before_av_hr  avia-builder-el-first   \" data-avia-form-id=\"1\" data-avia-redirect='' ><fieldset><p class='  first_form  form_element form_element_third' id='element_avia_1_1'><label for=\"avia_1_1\">Nombre <abbr class=\"required\" title=\"requerido\">*<\/abbr><\/label> <input name=\"avia_1_1\" class=\"text_input is_empty\" type=\"text\" id=\"avia_1_1\" value=\"\" \/><\/p><p class='  form_element form_element_third' id='element_avia_2_1'><label for=\"avia_2_1\">E-Mail <abbr class=\"required\" title=\"requerido\">*<\/abbr><\/label> <input name=\"avia_2_1\" class=\"text_input is_email\" type=\"text\" id=\"avia_2_1\" value=\"\" \/><\/p><p class='  form_element form_element_third' id='element_avia_3_1'><label for=\"avia_3_1\">Tel\u00e9fono<\/label> <input name=\"avia_3_1\" class=\"text_input \" type=\"text\" id=\"avia_3_1\" value=\"\" \/><\/p><p class='  first_form  form_element form_fullwidth' id='element_avia_4_1'><label for=\"avia_4_1\" class=\"textare_label hidden textare_label_avia_4_1\">Mensaje <abbr class=\"required\" title=\"requerido\">*<\/abbr><\/label><textarea  name=\"avia_4_1\" class=\"text_area is_empty\" cols=\"40\" rows=\"7\" id=\"avia_4_1\" ><\/textarea><\/p><p class=\"hidden\"><input type=\"text\" name=\"avia_5_1\" class=\"hidden \" id=\"avia_5_1\" value=\"\" \/><\/p><p class='   form_element form_fullwidth' id='element_avia_6_1'><span class='value_verifier_label'>0 + 3 = ?<\/span><input name=\"avia_6_1_verifier\" type=\"hidden\" id=\"avia_6_1_verifier\" value=\"378643137\"\/><label for=\"avia_6_1\">Para mayor seguridad, responde la siguiente pregunta <abbr class=\"required\" title=\"requerido\">*<\/abbr><\/label><input name=\"avia_6_1\" class=\"text_input captcha\" type=\"text\" id=\"avia_6_1\" value=\"\"\/><\/p><p class=\"form_element \"><input type=\"hidden\" value=\"1\" name=\"avia_generated_form1\" \/><input type=\"submit\" value=\"Enviar\" class=\"button\"  data-sending-label=\"Enviando\"\/><\/p><\/fieldset><\/form><div id=\"ajaxresponse_1\" class=\"ajaxresponse ajaxresponse_1 hidden\"><\/div><br \/>\n\n<style type=\"text\/css\" data-created_by=\"avia_inline_auto\" id=\"style-css-av-afcgs-8bc804447c96efd8741a3c0e2a3bba61\">\n#top .hr.hr-invisible.av-afcgs-8bc804447c96efd8741a3c0e2a3bba61{\nheight:60px;\n}\n<\/style>\n<div  class='hr av-afcgs-8bc804447c96efd8741a3c0e2a3bba61 hr-invisible  avia-builder-el-4  el_after_av_contact  avia-builder-el-last '><span class='hr-inner '><span class=\"hr-inner-style\"><\/span><\/span><\/div><\/p><\/div>\n\n<\/div><\/div><\/main><!-- close content main element --><\/div><\/div><\/div>\n<style type=\"text\/css\" data-created_by=\"avia_inline_auto\" id=\"style-css-av-2rjldo-86b301faffc344cbcb1a46c519aa3f38\">\n.avia-section.av-2rjldo-86b301faffc344cbcb1a46c519aa3f38{\nbackground-repeat:no-repeat;\nbackground-image:url(https:\/\/www.hostalalhambra.es\/wp-content\/uploads\/2020\/09\/ornament-bg-top-small-1.png);\nbackground-position:50% 0%;\nbackground-attachment:scroll;\n}\n.avia-section.av-2rjldo-86b301faffc344cbcb1a46c519aa3f38 .av-extra-border-element .av-extra-border-inner{\nbackground-color:#ffffff;\n}\n<\/style>\n<div id='av_section_2'  class='avia-section av-2rjldo-86b301faffc344cbcb1a46c519aa3f38 main_color avia-section-huge avia-no-border-styling  avia-builder-el-5  el_after_av_section  avia-builder-el-last  avia-full-contain avia-bg-style-scroll av-arrow-down-section container_wrap sidebar_right'  data-section-bg-repeat='contain'><div class='container av-section-cont-open' ><div class='template-page content  av-content-small alpha units'><div class='post-entry post-entry-type-page post-entry-763'><div class='entry-content-wrapper clearfix'>\n\n<style type=\"text\/css\" data-created_by=\"avia_inline_auto\" id=\"style-css-av-9acdw-47a6866072098bdac5c075587787842b\">\n#top .flex_column.av-9acdw-47a6866072098bdac5c075587787842b{\nmargin-top:-200px;\nmargin-bottom:0px;\n}\n.flex_column.av-9acdw-47a6866072098bdac5c075587787842b{\nborder-radius:0px 0px 0px 0px;\npadding:30px 30px 0px 30px;\nbackground-color:#ffffff;\n}\n.responsive #top #wrap_all .flex_column.av-9acdw-47a6866072098bdac5c075587787842b{\nmargin-top:-200px;\nmargin-bottom:0px;\n}\n<\/style>\n<div  class='flex_column av-9acdw-47a6866072098bdac5c075587787842b av_one_full  avia-builder-el-6  el_before_av_hr  avia-builder-el-first  first flex_column_div av-animated-generic pop-up  '     ><style type=\"text\/css\" data-created_by=\"avia_inline_auto\" id=\"style-css-av-gj0cb-95483eb8b12111d4017db409c3c645c5\">\n#top .av-special-heading.av-gj0cb-95483eb8b12111d4017db409c3c645c5{\npadding-bottom:20px;\nfont-size:40px;\n}\nbody .av-special-heading.av-gj0cb-95483eb8b12111d4017db409c3c645c5 .av-special-heading-tag .heading-char{\nfont-size:25px;\n}\n#top #wrap_all .av-special-heading.av-gj0cb-95483eb8b12111d4017db409c3c645c5 .av-special-heading-tag{\nfont-size:40px;\n}\n.av-special-heading.av-gj0cb-95483eb8b12111d4017db409c3c645c5 .av-subheading{\nfont-size:15px;\n}\n\n@media only screen and (min-width: 480px) and (max-width: 767px){ \n#top #wrap_all .av-special-heading.av-gj0cb-95483eb8b12111d4017db409c3c645c5 .av-special-heading-tag{\nfont-size:0.8em;\n}\n}\n\n@media only screen and (max-width: 479px){ \n#top #wrap_all .av-special-heading.av-gj0cb-95483eb8b12111d4017db409c3c645c5 .av-special-heading-tag{\nfont-size:0.8em;\n}\n}\n<\/style>\n<div  class='av-special-heading av-gj0cb-95483eb8b12111d4017db409c3c645c5 av-special-heading-h1 blockquote modern-quote modern-centered  avia-builder-el-7  avia-builder-el-no-sibling  av-thin-font av-inherit-size'><h1 class='av-special-heading-tag '  itemprop=\"headline\"  ><strong>CONTACTO<\/strong><br \/>\n<span style=\"color: #90bf21;\">p\u00f3ngase en contacto con nosotros<\/span><\/h1><div class=\"special-heading-border\"><div class=\"special-heading-inner-border\"><\/div><\/div><\/div><\/div>\n<style type=\"text\/css\" data-created_by=\"avia_inline_auto\" id=\"style-css-av-2810xw-67271754b08f77096be59e4838e8f718\">\n#top .hr.av-2810xw-67271754b08f77096be59e4838e8f718{\nmargin-top:-60px;\nmargin-bottom:70px;\n}\n.hr.av-2810xw-67271754b08f77096be59e4838e8f718 .hr-inner{\nwidth:50px;\nborder-color:#f8f8f8;\nmax-width:45%;\n}\n.hr.av-2810xw-67271754b08f77096be59e4838e8f718 .av-seperator-icon{\ncolor:#90bf21;\n}\n.hr.av-2810xw-67271754b08f77096be59e4838e8f718 .av-seperator-icon.avia-svg-icon svg:first-child{\nfill:#90bf21;\nstroke:#90bf21;\n}\n<\/style>\n<div  class='hr av-2810xw-67271754b08f77096be59e4838e8f718 hr-custom  avia-builder-el-8  el_after_av_one_full  el_before_av_one_half  hr-center hr-icon-yes'><span class='hr-inner inner-border-av-border-fat'><span class=\"hr-inner-style\"><\/span><\/span><span class='av-seperator-icon avia-iconfont avia-font-entypo-fontello' data-av_icon='\ue8ce' data-av_iconfont='entypo-fontello' ><\/span><span class='hr-inner inner-border-av-border-fat'><span class=\"hr-inner-style\"><\/span><\/span><\/div>\n\n<style type=\"text\/css\" data-created_by=\"avia_inline_auto\" id=\"style-css-av-2532wc-aa314650e52447f37c5b97f4b0a0331b\">\n.flex_column.av-2532wc-aa314650e52447f37c5b97f4b0a0331b{\nborder-radius:0px 0px 0px 0px;\npadding:0px 0px 0px 0px;\n}\n<\/style>\n<div  class='flex_column av-2532wc-aa314650e52447f37c5b97f4b0a0331b av_one_half  avia-builder-el-9  el_after_av_hr  el_before_av_one_half  first flex_column_div av-animated-generic bottom-to-top av-zero-column-padding  '     ><p><section  class='av_textblock_section av-1ygfuk-effb185ea033ae3e891faa532a0e34f0 '   itemscope=\"itemscope\" itemtype=\"https:\/\/schema.org\/CreativeWork\" ><div class='avia_textblock'  itemprop=\"text\" ><p>Complete el formulario para enviarnos su consulta y le responderemos lo antes posible.<\/p>\n<p>Tambi\u00e9n puede ponerse en contacto con nosotros a trav\u00e9s de email o tel\u00e9fono.<\/p>\n<\/div><\/section><br \/>\n\n<style type=\"text\/css\" data-created_by=\"avia_inline_auto\" id=\"style-css-av-7zi4j-a6851ecd6e5a5b847bd6c3053bfdb780\">\n#top .av-special-heading.av-7zi4j-a6851ecd6e5a5b847bd6c3053bfdb780{\npadding-bottom:10px;\n}\nbody .av-special-heading.av-7zi4j-a6851ecd6e5a5b847bd6c3053bfdb780 .av-special-heading-tag .heading-char{\nfont-size:25px;\n}\n.av-special-heading.av-7zi4j-a6851ecd6e5a5b847bd6c3053bfdb780 .av-subheading{\nfont-size:15px;\n}\n<\/style>\n<div  class='av-special-heading av-7zi4j-a6851ecd6e5a5b847bd6c3053bfdb780 av-special-heading-h3  avia-builder-el-11  el_after_av_textblock  el_before_av_textblock '><h3 class='av-special-heading-tag '  itemprop=\"headline\"  >DATOS DE CONTACTO<\/h3><div class=\"special-heading-border\"><div class=\"special-heading-inner-border\"><\/div><\/div><\/div><br \/>\n<section  class='av_textblock_section av-5g6mc-c0006f533ce461ca82fd3c4ea7780cdd '   itemscope=\"itemscope\" itemtype=\"https:\/\/schema.org\/CreativeWork\" ><div class='avia_textblock'  itemprop=\"text\" ><p><strong>DIRECCI\u00d3N<\/strong><br \/>\nAntonio Millon, 12.\u00a029780 Nerja. M\u00e1laga.<\/p>\n<p><strong>TEL\u00c9FONOS<\/strong><br \/>\n<a href=\"tel:+34952522174\">+34 952 52 21 74<\/a> &#8211; <a href=\"tel:+34607571907\">+34 607 571 907<\/a><\/p>\n<p><strong>EMAIL<\/strong><br \/>\n<a href=\"mailto:reservas@hostalalhambra.es\">reservas@hostalalhambra.es<\/a><\/p>\n<\/div><\/section><\/p><\/div>\n<style type=\"text\/css\" data-created_by=\"avia_inline_auto\" id=\"style-css-av-1t0aw4-2c696351284b0a4a0618ed87712a5d5f\">\n.flex_column.av-1t0aw4-2c696351284b0a4a0618ed87712a5d5f{\nborder-radius:0px 0px 0px 0px;\npadding:0px 0px 0px 0px;\n}\n<\/style>\n<div  class='flex_column av-1t0aw4-2c696351284b0a4a0618ed87712a5d5f av_one_half  avia-builder-el-13  el_after_av_one_half  avia-builder-el-last  flex_column_div av-animated-generic bottom-to-top av-zero-column-padding  '     ><\/div><\/div><\/div><\/div><!-- close content main div --><\/div><div class='av-extra-border-element border-extra-arrow-down'><div class='av-extra-border-outer'><div class='av-extra-border-inner'><\/div><\/div><\/div><\/div><div id='after_section_2'  class='main_color av_default_container_wrap container_wrap sidebar_right'  ><div class='container av-section-cont-open' ><div class='template-page content  av-content-small alpha units'><div class='post-entry post-entry-type-page post-entry-763'><div class='entry-content-wrapper clearfix'>\n","protected":false},"excerpt":{"rendered":"","protected":false},"author":1,"featured_media":1405,"parent":0,"menu_order":0,"comment_status":"closed","ping_status":"open","template":"","meta":{"_joinchat":[],"footnotes":""},"class_list":["post-763","page","type-page","status-publish","has-post-thumbnail","hentry"],"aioseo_notices":[],"_links":{"self":[{"href":"https:\/\/www.hostalalhambra.es\/es\/wp-json\/wp\/v2\/pages\/763","targetHints":{"allow":["GET"]}}],"collection":[{"href":"https:\/\/www.hostalalhambra.es\/es\/wp-json\/wp\/v2\/pages"}],"about":[{"href":"https:\/\/www.hostalalhambra.es\/es\/wp-json\/wp\/v2\/types\/page"}],"author":[{"embeddable":true,"href":"https:\/\/www.hostalalhambra.es\/es\/wp-json\/wp\/v2\/users\/1"}],"replies":[{"embeddable":true,"href":"https:\/\/www.hostalalhambra.es\/es\/wp-json\/wp\/v2\/comments?post=763"}],"version-history":[{"count":0,"href":"https:\/\/www.hostalalhambra.es\/es\/wp-json\/wp\/v2\/pages\/763\/revisions"}],"wp:featuredmedia":[{"embeddable":true,"href":"https:\/\/www.hostalalhambra.es\/es\/wp-json\/wp\/v2\/media\/1405"}],"wp:attachment":[{"href":"https:\/\/www.hostalalhambra.es\/es\/wp-json\/wp\/v2\/media?parent=763"}],"curies":[{"name":"wp","href":"https:\/\/api.w.org\/{rel}","templated":true}]}}